{"id":2295,"date":"2024-10-13T17:56:11","date_gmt":"2024-10-13T17:56:11","guid":{"rendered":"https:\/\/remacontraelcancer.com\/?page_id=2295"},"modified":"2026-05-08T05:24:45","modified_gmt":"2026-05-08T05:24:45","slug":"inscripcion","status":"publish","type":"page","link":"https:\/\/remacontraelcancer.com\/es\/inscripcion\/","title":{"rendered":"Inscripci\u00f3n Dragon Boat Banyoles &#8211; 30 de mayo"},"content":{"rendered":"<section class=\"l-section wpb_row us_custom_b32f94e5 height_auto full_height valign_center\"><div class=\"l-section-h i-cf\"><div class=\"g-cols vc_row via_grid cols_1 laptops-cols_inherit tablets-cols_inherit mobiles-cols_1 valign_top type_default stacking_default\"><div class=\"wpb_column vc_column_container\"><div class=\"vc_column-inner\"><script type=\"text\/javascript\">var gform;gform||(document.addEventListener(\"gform_main_scripts_loaded\",function(){gform.scriptsLoaded=!0}),window.addEventListener(\"DOMContentLoaded\",function(){gform.domLoaded=!0}),gform={domLoaded:!1,scriptsLoaded:!1,initializeOnLoaded:function(o){gform.domLoaded&&gform.scriptsLoaded?o():!gform.domLoaded&&gform.scriptsLoaded?window.addEventListener(\"DOMContentLoaded\",o):document.addEventListener(\"gform_main_scripts_loaded\",o)},hooks:{action:{},filter:{}},addAction:function(o,n,r,t){gform.addHook(\"action\",o,n,r,t)},addFilter:function(o,n,r,t){gform.addHook(\"filter\",o,n,r,t)},doAction:function(o){gform.doHook(\"action\",o,arguments)},applyFilters:function(o){return gform.doHook(\"filter\",o,arguments)},removeAction:function(o,n){gform.removeHook(\"action\",o,n)},removeFilter:function(o,n,r){gform.removeHook(\"filter\",o,n,r)},addHook:function(o,n,r,t,i){null==gform.hooks[o][n]&&(gform.hooks[o][n]=[]);var e=gform.hooks[o][n];null==i&&(i=n+\"_\"+e.length),gform.hooks[o][n].push({tag:i,callable:r,priority:t=null==t?10:t})},doHook:function(n,o,r){var t;if(r=Array.prototype.slice.call(r,1),null!=gform.hooks[n][o]&&((o=gform.hooks[n][o]).sort(function(o,n){return o.priority-n.priority}),o.forEach(function(o){\"function\"!=typeof(t=o.callable)&&(t=window[t]),\"action\"==n?t.apply(null,r):r[0]=t.apply(null,r)})),\"filter\"==n)return r[0]},removeHook:function(o,n,t,i){var r;null!=gform.hooks[o][n]&&(r=(r=gform.hooks[o][n]).filter(function(o,n,r){return!!(null!=i&&i!=o.tag||null!=t&&t!=o.priority)}),gform.hooks[o][n]=r)}});<\/script>\r\n                <div class='gf_browser_gecko gform_wrapper gravity-theme' id='gform_wrapper_6' >\r\n                        <div class='gform_heading'>\r\n                            <h2 class=\"gform_title\">Iniciaci\u00f3n al Dragon Boat en Banyoles 30 de mayo de 2026<\/h2>\r\n                            <span class='gform_description'>\u00danete a nuestro equipo de Banyoles y vive una experiencia \u00fanica!\r\nAbierto a pacientes y no pacientes.<\/span>\r\n                        <\/div><form method='post' enctype='multipart\/form-data'  id='gform_6'  action='\/es\/wp-json\/wp\/v2\/pages\/2295' novalidate>\r\n                        <div class='gform_body gform-body'><div id='gform_fields_6' class='gform_fields top_label form_sublabel_below description_below'><fieldset id=\"field_6_1\"  class=\"gfield gfield--width-full field_sublabel_below field_description_below gfield_visibility_visible\"  data-js-reload=\"field_6_1\"><legend class='gfield_label gfield_label_before_complex'  >Tus datos<\/legend><div class='ginput_complex ginput_container no_prefix has_first_name no_middle_name has_last_name no_suffix gf_name_has_2 ginput_container_name' id='input_6_1'>\r\n                            \r\n                            <span id='input_6_1_3_container' class='name_first' >\r\n                                                    <input type='text' name='input_1.3' id='input_6_1_3' value=''   aria-required='false'     \/>\r\n                                                    <label for='input_6_1_3' >Nombre<\/label>\r\n                                                <\/span>\r\n                            \r\n                            <span id='input_6_1_6_container' class='name_last' >\r\n                                                    <input type='text' name='input_1.6' id='input_6_1_6' value=''   aria-required='false'     \/>\r\n                                                    <label for='input_6_1_6' >Apellidos<\/label>\r\n                                                <\/span>\r\n                            \r\n                        <\/div><\/fieldset><div id=\"field_6_3\"  class=\"gfield gfield--width-half field_sublabel_below field_description_below gfield_visibility_visible\"  data-js-reload=\"field_6_3\"><label class='gfield_label' for='input_6_3' >Tel\u00e9fono<\/label><div class='ginput_container ginput_container_phone'><input name='input_3' id='input_6_3' type='tel' value='' class='large'    aria-invalid=\"false\"   \/><\/div><\/div><div id=\"field_6_7\"  class=\"gfield gfield--width-half field_sublabel_below field_description_below gfield_visibility_visible\"  data-js-reload=\"field_6_7\"><label class='gfield_label' for='input_6_7' >Correo electr\u00f3nico<\/label><div class='ginput_container ginput_container_email'>\r\n                            <input name='input_7' id='input_6_7' type='email' value='' class='large'     aria-invalid=\"false\"  \/>\r\n                        <\/div><\/div><fieldset id=\"field_6_4\"  class=\"gfield gfield--width-full field_sublabel_below field_description_below gfield_visibility_visible\"  data-js-reload=\"field_6_4\"><legend class='gfield_label gfield_label_before_complex'  >Participar\u00e9 en la Iniciaci\u00f3n a Dragon Boat del d\u00eda 30 de mayo en Banyoles<\/legend><div class='ginput_container ginput_container_checkbox'><div class='gfield_checkbox' id='input_6_4'><div class='gchoice gchoice_6_4_1'>\r\n\t\t\t\t\t\t\t\t<input class='gfield-choice-input' name='input_4.1' type='checkbox'  value='S\u00ed'  id='choice_6_4_1'   \/>\r\n\t\t\t\t\t\t\t\t<label for='choice_6_4_1' id='label_6_4_1'>S\u00ed<\/label>\r\n\t\t\t\t\t\t\t<\/div><\/div><\/div><\/fieldset><fieldset id=\"field_6_8\"  class=\"gfield gfield--width-full field_sublabel_below field_description_below gfield_visibility_visible\"  data-js-reload=\"field_6_8\"><legend class='gfield_label'  >\u00bfValoras la posibilidad de formar parte de un equipo de Dragon Boat de la fundaci\u00f3n?<\/legend><div class='ginput_container ginput_container_radio'><div class='gfield_radio' id='input_6_8'>\r\n\t\t\t<div class='gchoice gchoice_6_8_0'>\r\n\t\t\t\t\t<input class='gfield-choice-input' name='input_8' type='radio' value='S\u00ed'  id='choice_6_8_0' onchange='gformToggleRadioOther( this )'    \/>\r\n\t\t\t\t\t<label for='choice_6_8_0' id='label_6_8_0'>S\u00ed<\/label>\r\n\t\t\t<\/div>\r\n\t\t\t<div class='gchoice gchoice_6_8_1'>\r\n\t\t\t\t\t<input class='gfield-choice-input' name='input_8' type='radio' value='No'  id='choice_6_8_1' onchange='gformToggleRadioOther( this )'    \/>\r\n\t\t\t\t\t<label for='choice_6_8_1' id='label_6_8_1'>No<\/label>\r\n\t\t\t<\/div><\/div><\/div><\/fieldset><fieldset id=\"field_6_9\"  class=\"gfield gfield--width-full field_sublabel_below field_description_below gfield_visibility_visible\"  data-js-reload=\"field_6_9\"><legend class='gfield_label'  >\u00bfValoras la posibilidad de formar parte de un equipo de Dragon Boat est\u00e1ndar?<\/legend><div class='ginput_container ginput_container_radio'><div class='gfield_radio' id='input_6_9'>\r\n\t\t\t<div class='gchoice gchoice_6_9_0'>\r\n\t\t\t\t\t<input class='gfield-choice-input' name='input_9' type='radio' value='S\u00ed'  id='choice_6_9_0' onchange='gformToggleRadioOther( this )'    \/>\r\n\t\t\t\t\t<label for='choice_6_9_0' id='label_6_9_0'>S\u00ed<\/label>\r\n\t\t\t<\/div>\r\n\t\t\t<div class='gchoice gchoice_6_9_1'>\r\n\t\t\t\t\t<input class='gfield-choice-input' name='input_9' type='radio' value='No'  id='choice_6_9_1' onchange='gformToggleRadioOther( this )'    \/>\r\n\t\t\t\t\t<label for='choice_6_9_1' id='label_6_9_1'>No<\/label>\r\n\t\t\t<\/div><\/div><\/div><\/fieldset><\/div><\/div>\r\n        <div class='gform_footer top_label'> <input type='submit' id='gform_submit_button_6' class='gform_button button' value='Enviar'  onclick='if(window[\"gf_submitting_6\"]){return false;}  if( !jQuery(\"#gform_6\")[0].checkValidity || jQuery(\"#gform_6\")[0].checkValidity()){window[\"gf_submitting_6\"]=true;}  ' onkeypress='if( event.keyCode == 13 ){ if(window[\"gf_submitting_6\"]){return false;} if( !jQuery(\"#gform_6\")[0].checkValidity || jQuery(\"#gform_6\")[0].checkValidity()){window[\"gf_submitting_6\"]=true;}  jQuery(\"#gform_6\").trigger(\"submit\",[true]); }' \/> \r\n            <input type='hidden' class='gform_hidden' name='is_submit_6' value='1' \/>\r\n            <input type='hidden' class='gform_hidden' name='gform_submit' value='6' \/>\r\n            \r\n            <input type='hidden' class='gform_hidden' name='gform_unique_id' value='' \/>\r\n            <input type='hidden' class='gform_hidden' name='state_6' value='WyJ7XCI4XCI6W1wiMTRkZjNjOWJlMjU3ZjE3ZDE3ODI4MTMyZDJiYjlmYzFcIixcIjM3ZjNiZjIyMGYyMDc2NmNmMDIyMjNjMTNmNDBiYWQ2XCJdLFwiOVwiOltcIjE0ZGYzYzliZTI1N2YxN2QxNzgyODEzMmQyYmI5ZmMxXCIsXCIzN2YzYmYyMjBmMjA3NjZjZjAyMjIzYzEzZjQwYmFkNlwiXX0iLCI2ZjZmM2Y3ZGUwMGYwNGRiNmI2NzczNjM0MjljOTA4YiJd' \/>\r\n            <input type='hidden' class='gform_hidden' name='gform_target_page_number_6' id='gform_target_page_number_6' value='0' \/>\r\n            <input type='hidden' class='gform_hidden' name='gform_source_page_number_6' id='gform_source_page_number_6' value='1' \/>\r\n            <input type='hidden' name='gform_field_values' value='' \/>\r\n            \r\n        <\/div>\r\n                        <\/form>\r\n                        <\/div><\/div><\/div><\/div><\/div><\/section>\n","protected":false},"excerpt":{"rendered":"Iniciaci\u00f3n al Dragon Boat en Banyoles 30 de mayo de 2026 \u00danete a nuestro equipo de Banyoles y vive una experiencia \u00fanica! Abierto a pacientes y no pacientes. Tus datos Nombre Apellidos Tel\u00e9fonoCorreo electr\u00f3nico Participar\u00e9 en la Iniciaci\u00f3n a Dragon Boat del d\u00eda 30 de mayo en Banyoles S\u00ed \u00bfValoras la posibilidad de formar parte...","protected":false},"author":1,"featured_media":0,"parent":0,"menu_order":0,"comment_status":"closed","ping_status":"closed","template":"","meta":{"footnotes":""},"class_list":["post-2295","page","type-page","status-publish","hentry"],"yoast_head":"<!-- This site is optimized with the Yoast SEO plugin v27.4 - https:\/\/yoast.com\/product\/yoast-seo-wordpress\/ -->\n<title>Inscripci\u00f3n Dragon Boat Banyoles - 30 de mayo - Fundaci\u00f3 Rema contra el cancer<\/title>\n<meta name=\"robots\" content=\"index, follow, max-snippet:-1, max-image-preview:large, max-video-preview:-1\" \/>\n<link rel=\"canonical\" href=\"https:\/\/remacontraelcancer.com\/es\/inscripcion\/\" \/>\n<meta property=\"og:locale\" content=\"es_ES\" \/>\n<meta property=\"og:type\" content=\"article\" \/>\n<meta property=\"og:title\" content=\"Inscripci\u00f3n Dragon Boat Banyoles - 30 de mayo - Fundaci\u00f3 Rema contra el cancer\" \/>\n<meta property=\"og:url\" content=\"https:\/\/remacontraelcancer.com\/es\/inscripcion\/\" \/>\n<meta property=\"og:site_name\" content=\"Fundaci\u00f3 Rema contra el cancer\" \/>\n<meta property=\"article:modified_time\" content=\"2026-05-08T05:24:45+00:00\" \/>\n<meta name=\"twitter:card\" content=\"summary_large_image\" \/>\n<meta name=\"twitter:label1\" content=\"Tiempo de lectura\" \/>\n\t<meta name=\"twitter:data1\" content=\"1 minuto\" \/>\n<script type=\"application\/ld+json\" class=\"yoast-schema-graph\">{\"@context\":\"https:\\\/\\\/schema.org\",\"@graph\":[{\"@type\":\"WebPage\",\"@id\":\"https:\\\/\\\/remacontraelcancer.com\\\/es\\\/inscripcion\\\/\",\"url\":\"https:\\\/\\\/remacontraelcancer.com\\\/es\\\/inscripcion\\\/\",\"name\":\"Inscripci\u00f3n Dragon Boat Banyoles - 30 de mayo - Fundaci\u00f3 Rema contra el cancer\",\"isPartOf\":{\"@id\":\"https:\\\/\\\/remacontraelcancer.com\\\/#website\"},\"datePublished\":\"2024-10-13T17:56:11+00:00\",\"dateModified\":\"2026-05-08T05:24:45+00:00\",\"breadcrumb\":{\"@id\":\"https:\\\/\\\/remacontraelcancer.com\\\/es\\\/inscripcion\\\/#breadcrumb\"},\"inLanguage\":\"es\",\"potentialAction\":[{\"@type\":\"ReadAction\",\"target\":[\"https:\\\/\\\/remacontraelcancer.com\\\/es\\\/inscripcion\\\/\"]}]},{\"@type\":\"BreadcrumbList\",\"@id\":\"https:\\\/\\\/remacontraelcancer.com\\\/es\\\/inscripcion\\\/#breadcrumb\",\"itemListElement\":[{\"@type\":\"ListItem\",\"position\":1,\"name\":\"Inici\",\"item\":\"https:\\\/\\\/remacontraelcancer.com\\\/es\\\/\"},{\"@type\":\"ListItem\",\"position\":2,\"name\":\"Inscripci\u00f3n Dragon Boat Banyoles &#8211; 30 de mayo\"}]},{\"@type\":\"WebSite\",\"@id\":\"https:\\\/\\\/remacontraelcancer.com\\\/#website\",\"url\":\"https:\\\/\\\/remacontraelcancer.com\\\/\",\"name\":\"Fundaci\u00f3 Rema contra el cancer\",\"description\":\"\",\"publisher\":{\"@id\":\"https:\\\/\\\/remacontraelcancer.com\\\/#organization\"},\"potentialAction\":[{\"@type\":\"SearchAction\",\"target\":{\"@type\":\"EntryPoint\",\"urlTemplate\":\"https:\\\/\\\/remacontraelcancer.com\\\/?s={search_term_string}\"},\"query-input\":{\"@type\":\"PropertyValueSpecification\",\"valueRequired\":true,\"valueName\":\"search_term_string\"}}],\"inLanguage\":\"es\"},{\"@type\":\"Organization\",\"@id\":\"https:\\\/\\\/remacontraelcancer.com\\\/#organization\",\"name\":\"Fundaci\u00f3 Rema contra el cancer\",\"url\":\"https:\\\/\\\/remacontraelcancer.com\\\/\",\"logo\":{\"@type\":\"ImageObject\",\"inLanguage\":\"es\",\"@id\":\"https:\\\/\\\/remacontraelcancer.com\\\/#\\\/schema\\\/logo\\\/image\\\/\",\"url\":\"https:\\\/\\\/remacontraelcancer.com\\\/wp-content\\\/uploads\\\/2023\\\/07\\\/logo.png\",\"contentUrl\":\"https:\\\/\\\/remacontraelcancer.com\\\/wp-content\\\/uploads\\\/2023\\\/07\\\/logo.png\",\"width\":200,\"height\":200,\"caption\":\"Fundaci\u00f3 Rema contra el cancer\"},\"image\":{\"@id\":\"https:\\\/\\\/remacontraelcancer.com\\\/#\\\/schema\\\/logo\\\/image\\\/\"}}]}<\/script>\n<!-- \/ Yoast SEO plugin. -->","yoast_head_json":{"title":"Inscripci\u00f3n Dragon Boat Banyoles - 30 de mayo - Fundaci\u00f3 Rema contra el cancer","robots":{"index":"index","follow":"follow","max-snippet":"max-snippet:-1","max-image-preview":"max-image-preview:large","max-video-preview":"max-video-preview:-1"},"canonical":"https:\/\/remacontraelcancer.com\/es\/inscripcion\/","og_locale":"es_ES","og_type":"article","og_title":"Inscripci\u00f3n Dragon Boat Banyoles - 30 de mayo - Fundaci\u00f3 Rema contra el cancer","og_url":"https:\/\/remacontraelcancer.com\/es\/inscripcion\/","og_site_name":"Fundaci\u00f3 Rema contra el cancer","article_modified_time":"2026-05-08T05:24:45+00:00","twitter_card":"summary_large_image","twitter_misc":{"Tiempo de lectura":"1 minuto"},"schema":{"@context":"https:\/\/schema.org","@graph":[{"@type":"WebPage","@id":"https:\/\/remacontraelcancer.com\/es\/inscripcion\/","url":"https:\/\/remacontraelcancer.com\/es\/inscripcion\/","name":"Inscripci\u00f3n Dragon Boat Banyoles - 30 de mayo - Fundaci\u00f3 Rema contra el cancer","isPartOf":{"@id":"https:\/\/remacontraelcancer.com\/#website"},"datePublished":"2024-10-13T17:56:11+00:00","dateModified":"2026-05-08T05:24:45+00:00","breadcrumb":{"@id":"https:\/\/remacontraelcancer.com\/es\/inscripcion\/#breadcrumb"},"inLanguage":"es","potentialAction":[{"@type":"ReadAction","target":["https:\/\/remacontraelcancer.com\/es\/inscripcion\/"]}]},{"@type":"BreadcrumbList","@id":"https:\/\/remacontraelcancer.com\/es\/inscripcion\/#breadcrumb","itemListElement":[{"@type":"ListItem","position":1,"name":"Inici","item":"https:\/\/remacontraelcancer.com\/es\/"},{"@type":"ListItem","position":2,"name":"Inscripci\u00f3n Dragon Boat Banyoles &#8211; 30 de mayo"}]},{"@type":"WebSite","@id":"https:\/\/remacontraelcancer.com\/#website","url":"https:\/\/remacontraelcancer.com\/","name":"Fundaci\u00f3 Rema contra el cancer","description":"","publisher":{"@id":"https:\/\/remacontraelcancer.com\/#organization"},"potentialAction":[{"@type":"SearchAction","target":{"@type":"EntryPoint","urlTemplate":"https:\/\/remacontraelcancer.com\/?s={search_term_string}"},"query-input":{"@type":"PropertyValueSpecification","valueRequired":true,"valueName":"search_term_string"}}],"inLanguage":"es"},{"@type":"Organization","@id":"https:\/\/remacontraelcancer.com\/#organization","name":"Fundaci\u00f3 Rema contra el cancer","url":"https:\/\/remacontraelcancer.com\/","logo":{"@type":"ImageObject","inLanguage":"es","@id":"https:\/\/remacontraelcancer.com\/#\/schema\/logo\/image\/","url":"https:\/\/remacontraelcancer.com\/wp-content\/uploads\/2023\/07\/logo.png","contentUrl":"https:\/\/remacontraelcancer.com\/wp-content\/uploads\/2023\/07\/logo.png","width":200,"height":200,"caption":"Fundaci\u00f3 Rema contra el cancer"},"image":{"@id":"https:\/\/remacontraelcancer.com\/#\/schema\/logo\/image\/"}}]}},"_links":{"self":[{"href":"https:\/\/remacontraelcancer.com\/es\/wp-json\/wp\/v2\/pages\/2295","targetHints":{"allow":["GET"]}}],"collection":[{"href":"https:\/\/remacontraelcancer.com\/es\/wp-json\/wp\/v2\/pages"}],"about":[{"href":"https:\/\/remacontraelcancer.com\/es\/wp-json\/wp\/v2\/types\/page"}],"author":[{"embeddable":true,"href":"https:\/\/remacontraelcancer.com\/es\/wp-json\/wp\/v2\/users\/1"}],"replies":[{"embeddable":true,"href":"https:\/\/remacontraelcancer.com\/es\/wp-json\/wp\/v2\/comments?post=2295"}],"version-history":[{"count":3,"href":"https:\/\/remacontraelcancer.com\/es\/wp-json\/wp\/v2\/pages\/2295\/revisions"}],"predecessor-version":[{"id":2830,"href":"https:\/\/remacontraelcancer.com\/es\/wp-json\/wp\/v2\/pages\/2295\/revisions\/2830"}],"wp:attachment":[{"href":"https:\/\/remacontraelcancer.com\/es\/wp-json\/wp\/v2\/media?parent=2295"}],"curies":[{"name":"wp","href":"https:\/\/api.w.org\/{rel}","templated":true}]}}